{"id":2,"date":"2022-11-11T02:13:05","date_gmt":"2022-11-11T02:13:05","guid":{"rendered":"http:\/?page_id=2"},"modified":"2024-05-28T09:46:23","modified_gmt":"2024-05-28T07:46:23","slug":"sample-page","status":"publish","type":"page","link":"https:\/\/dieweissenwp.ecommun.de\/","title":{"rendered":"STARTSEITE"},"content":{"rendered":"\t\t<div data-elementor-type=\"wp-page\" data-elementor-id=\"2\" class=\"elementor elementor-2\" data-elementor-post-type=\"page\">\n\t\t\t\t\t\t<section class=\"elementor-section elementor-top-section elementor-element elementor-element-db623de elementor-section-full_width elementor-section-height-default elementor-section-height-default\" data-id=\"db623de\" data-element_type=\"section\">\n\t\t\t\t\t\t<div class=\"elementor-container elementor-column-gap-default\">\n\t\t\t\t\t<div class=\"elementor-column elementor-col-66 elementor-top-column elementor-element elementor-element-2f8927d\" data-id=\"2f8927d\" data-element_type=\"column\">\n\t\t\t<div class=\"elementor-widget-wrap elementor-element-populated\">\n\t\t\t\t\t\t<div class=\"elementor-element elementor-element-15f3b3f elementor-widget elementor-widget-html\" data-id=\"15f3b3f\" data-element_type=\"widget\" data-widget_type=\"html.default\">\n\t\t\t\t<div class=\"elementor-widget-container\">\n\t\t\t<script id=\"usercentrics-cmp\" async data-eu-mode=\"true\" data-settings-id=\"YXwyPd2PdYe-tn\" src=\"https:\/\/app.eu.usercentrics.eu\/browser-ui\/latest\/loader.js\"><\/script>\t\t<\/div>\n\t\t\t\t<\/div>\n\t\t\t\t<div class=\"elementor-element elementor-element-3e454c6 elementor-widget__width-initial elementor-widget elementor-widget-image\" data-id=\"3e454c6\" data-element_type=\"widget\" data-widget_type=\"image.default\">\n\t\t\t\t<div class=\"elementor-widget-container\">\n\t\t\t<style>\/*! elementor - v3.23.0 - 15-07-2024 *\/\n.elementor-widget-image{text-align:center}.elementor-widget-image a{display:inline-block}.elementor-widget-image a img[src$=\".svg\"]{width:48px}.elementor-widget-image img{vertical-align:middle;display:inline-block}<\/style>\t\t\t\t\t\t\t\t\t\t<img fetchpriority=\"high\" decoding=\"async\" width=\"800\" height=\"566\" src=\"https:\/\/dieweissenwp.ecommun.de\/wp-content\/uploads\/2023\/06\/Logo-dieWEISSEN-1024x724.jpg\" class=\"attachment-large size-large wp-image-32\" alt=\"\" srcset=\"https:\/\/dieweissenwp.ecommun.de\/wp-content\/uploads\/2023\/06\/Logo-dieWEISSEN-1024x724.jpg 1024w, https:\/\/dieweissenwp.ecommun.de\/wp-content\/uploads\/2023\/06\/Logo-dieWEISSEN-300x212.jpg 300w, https:\/\/dieweissenwp.ecommun.de\/wp-content\/uploads\/2023\/06\/Logo-dieWEISSEN-768x543.jpg 768w, https:\/\/dieweissenwp.ecommun.de\/wp-content\/uploads\/2023\/06\/Logo-dieWEISSEN.jpg 1123w\" sizes=\"(max-width: 800px) 100vw, 800px\" \/>\t\t\t\t\t\t\t\t\t\t\t\t\t<\/div>\n\t\t\t\t<\/div>\n\t\t\t\t<section class=\"elementor-section elementor-inner-section elementor-element elementor-element-709c52e elementor-section-boxed elementor-section-height-default elementor-section-height-default\" data-id=\"709c52e\" data-element_type=\"section\">\n\t\t\t\t\t\t<div class=\"elementor-container elementor-column-gap-default\">\n\t\t\t\t\t<div class=\"elementor-column elementor-col-50 elementor-inner-column elementor-element elementor-element-9070f3f\" data-id=\"9070f3f\" data-element_type=\"column\">\n\t\t\t<div class=\"elementor-widget-wrap elementor-element-populated\">\n\t\t\t\t\t\t<div class=\"elementor-element elementor-element-a3f02cb elementor-widget elementor-widget-text-editor\" data-id=\"a3f02cb\" data-element_type=\"widget\" data-widget_type=\"text-editor.default\">\n\t\t\t\t<div class=\"elementor-widget-container\">\n\t\t\t<style>\/*! elementor - v3.23.0 - 15-07-2024 *\/\n.elementor-widget-text-editor.elementor-drop-cap-view-stacked .elementor-drop-cap{background-color:#69727d;color:#fff}.elementor-widget-text-editor.elementor-drop-cap-view-framed .elementor-drop-cap{color:#69727d;border:3px solid;background-color:transparent}.elementor-widget-text-editor:not(.elementor-drop-cap-view-default) .elementor-drop-cap{margin-top:8px}.elementor-widget-text-editor:not(.elementor-drop-cap-view-default) .elementor-drop-cap-letter{width:1em;height:1em}.elementor-widget-text-editor .elementor-drop-cap{float:left;text-align:center;line-height:1;font-size:50px}.elementor-widget-text-editor .elementor-drop-cap-letter{display:inline-block}<\/style>\t\t\t\t<h5>DU BIST UNZUFRIEDEN MIT DER<br \/>SITUATION IN DIESEM LAND UND<br \/>M\u00d6CHTEST ETWAS \u00c4NDERN?<\/h5><p><a href=\"https:\/\/dieweissenwp.ecommun.de\/?page_id=57\"><img decoding=\"async\" class=\"alignnone size-medium wp-image-282\" src=\"https:\/\/dieweissenwp.ecommun.de\/wp-content\/uploads\/2023\/10\/button_-_mitgliedsantrag_bunt.png__400x247_q85_subsampling-2_upscale-300x67.png\" alt=\"\" width=\"300\" height=\"67\" srcset=\"https:\/\/dieweissenwp.ecommun.de\/wp-content\/uploads\/2023\/10\/button_-_mitgliedsantrag_bunt.png__400x247_q85_subsampling-2_upscale-300x67.png 300w, https:\/\/dieweissenwp.ecommun.de\/wp-content\/uploads\/2023\/10\/button_-_mitgliedsantrag_bunt.png__400x247_q85_subsampling-2_upscale.png 400w\" sizes=\"(max-width: 300px) 100vw, 300px\" \/><\/a><\/p>\t\t\t\t\t\t<\/div>\n\t\t\t\t<\/div>\n\t\t\t\t\t<\/div>\n\t\t<\/div>\n\t\t\t\t<div class=\"elementor-column elementor-col-50 elementor-inner-column elementor-element elementor-element-f58e289\" data-id=\"f58e289\" data-element_type=\"column\">\n\t\t\t<div class=\"elementor-widget-wrap elementor-element-populated\">\n\t\t\t\t\t\t<div class=\"elementor-element elementor-element-bc4bc85 elementor-widget elementor-widget-text-editor\" data-id=\"bc4bc85\" data-element_type=\"widget\" data-widget_type=\"text-editor.default\">\n\t\t\t\t<div class=\"elementor-widget-container\">\n\t\t\t\t\t\t\t<h5>DU BIST UNTERNEHMER UND<br \/>M\u00d6CHTEST DICH MIT ANDEREN<br \/>UNTERNEHMERN VERNETZEN?<\/h5><p><a href=\"https:\/\/dieweissenwp.ecommun.de\/?page_id=59\"><img decoding=\"async\" class=\"alignnone size-full wp-image-329\" src=\"https:\/\/dieweissenwp.ecommun.de\/wp-content\/uploads\/2024\/01\/button_-_cluster_beitreten_bunt.png__300x185_q85_subsampling-2_upscale.png\" alt=\"\" width=\"300\" height=\"67\" \/><\/a><\/p>\t\t\t\t\t\t<\/div>\n\t\t\t\t<\/div>\n\t\t\t\t\t<\/div>\n\t\t<\/div>\n\t\t\t\t\t<\/div>\n\t\t<\/section>\n\t\t\t\t\t<\/div>\n\t\t<\/div>\n\t\t\t\t<div class=\"elementor-column elementor-col-33 elementor-top-column elementor-element elementor-element-42006e9\" data-id=\"42006e9\" data-element_type=\"column\">\n\t\t\t<div class=\"elementor-widget-wrap elementor-element-populated\">\n\t\t\t\t\t\t<div class=\"elementor-element elementor-element-6145838 elementor-widget elementor-widget-image\" data-id=\"6145838\" data-element_type=\"widget\" data-widget_type=\"image.default\">\n\t\t\t\t<div class=\"elementor-widget-container\">\n\t\t\t\t\t\t\t\t\t\t<figure class=\"wp-caption\">\n\t\t\t\t\t\t\t\t\t\t<img loading=\"lazy\" decoding=\"async\" width=\"300\" height=\"57\" src=\"https:\/\/dieweissenwp.ecommun.de\/wp-content\/uploads\/2023\/06\/mit-Linie2-300x57.png\" class=\"attachment-medium size-medium wp-image-38\" alt=\"\" srcset=\"https:\/\/dieweissenwp.ecommun.de\/wp-content\/uploads\/2023\/06\/mit-Linie2-300x57.png 300w, https:\/\/dieweissenwp.ecommun.de\/wp-content\/uploads\/2023\/06\/mit-Linie2.png 483w\" sizes=\"(max-width: 300px) 100vw, 300px\" \/>\t\t\t\t\t\t\t\t\t\t\t<figcaption class=\"widget-image-caption wp-caption-text\">NEWS<\/figcaption>\n\t\t\t\t\t\t\t\t\t\t<\/figure>\n\t\t\t\t\t\t\t<\/div>\n\t\t\t\t<\/div>\n\t\t\t\t<div class=\"elementor-element elementor-element-e14d0be elementor-grid-1 elementor-posts--align-center elementor-grid-tablet-1 elementor-grid-mobile-1 elementor-posts--thumbnail-top elementor-widget elementor-widget-posts\" data-id=\"e14d0be\" data-element_type=\"widget\" data-settings=\"{&quot;classic_columns&quot;:&quot;1&quot;,&quot;pagination_type&quot;:&quot;numbers&quot;,&quot;classic_columns_tablet&quot;:&quot;1&quot;,&quot;classic_columns_mobile&quot;:&quot;1&quot;,&quot;classic_row_gap&quot;:{&quot;unit&quot;:&quot;px&quot;,&quot;size&quot;:35,&quot;sizes&quot;:[]},&quot;classic_row_gap_tablet&quot;:{&quot;unit&quot;:&quot;px&quot;,&quot;size&quot;:&quot;&quot;,&quot;sizes&quot;:[]},&quot;classic_row_gap_mobile&quot;:{&quot;unit&quot;:&quot;px&quot;,&quot;size&quot;:&quot;&quot;,&quot;sizes&quot;:[]}}\" data-widget_type=\"posts.classic\">\n\t\t\t\t<div class=\"elementor-widget-container\">\n\t\t\t<link rel=\"stylesheet\" href=\"http:\/\/5.9.168.124:80\/wp-content\/plugins\/elementor-pro\/assets\/css\/widget-posts.min.css?ver=1721639026\">\t\t<div class=\"elementor-posts-container elementor-posts elementor-posts--skin-classic elementor-grid\">\n\t\t\t\t<article class=\"elementor-post elementor-grid-item post-410 post type-post status-publish format-standard has-post-thumbnail hentry category-intern\">\n\t\t\t\t<a class=\"elementor-post__thumbnail__link\" href=\"https:\/\/dieweissenwp.ecommun.de\/?p=410\" tabindex=\"-1\" >\n\t\t\t<div class=\"elementor-post__thumbnail\"><img loading=\"lazy\" decoding=\"async\" width=\"1123\" height=\"794\" src=\"https:\/\/dieweissenwp.ecommun.de\/wp-content\/uploads\/2023\/06\/Logo-dieWEISSEN.jpg\" class=\"attachment-full size-full wp-image-32\" alt=\"\" srcset=\"https:\/\/dieweissenwp.ecommun.de\/wp-content\/uploads\/2023\/06\/Logo-dieWEISSEN.jpg 1123w, https:\/\/dieweissenwp.ecommun.de\/wp-content\/uploads\/2023\/06\/Logo-dieWEISSEN-300x212.jpg 300w, https:\/\/dieweissenwp.ecommun.de\/wp-content\/uploads\/2023\/06\/Logo-dieWEISSEN-1024x724.jpg 1024w, https:\/\/dieweissenwp.ecommun.de\/wp-content\/uploads\/2023\/06\/Logo-dieWEISSEN-768x543.jpg 768w\" sizes=\"(max-width: 1123px) 100vw, 1123px\" \/><\/div>\n\t\t<\/a>\n\t\t\t\t<div class=\"elementor-post__text\">\n\t\t\t\t<h4 class=\"elementor-post__title\">\n\t\t\t<a href=\"https:\/\/dieweissenwp.ecommun.de\/?p=410\" >\n\t\t\t\tHambacher Fest 2024\t\t\t<\/a>\n\t\t<\/h4>\n\t\t\t\t<div class=\"elementor-post__meta-data\">\n\t\t\t\t\t<span class=\"elementor-post-date\">\n\t\t\t18.04.2024\t\t<\/span>\n\t\t\t\t<\/div>\n\t\t\n\t\t<a class=\"elementor-post__read-more\" href=\"https:\/\/dieweissenwp.ecommun.de\/?p=410\" aria-label=\"Read more about Hambacher Fest 2024\" tabindex=\"-1\" >\n\t\t\tWeiterlesen \u00bb\t\t<\/a>\n\n\t\t\t\t<\/div>\n\t\t\t\t<\/article>\n\t\t\t\t<article class=\"elementor-post elementor-grid-item post-313 post type-post status-publish format-standard has-post-thumbnail hentry category-medien\">\n\t\t\t\t<a class=\"elementor-post__thumbnail__link\" href=\"https:\/\/dieweissenwp.ecommun.de\/?p=313\" tabindex=\"-1\" >\n\t\t\t<div class=\"elementor-post__thumbnail\"><img loading=\"lazy\" decoding=\"async\" width=\"1280\" height=\"1280\" src=\"https:\/\/dieweissenwp.ecommun.de\/wp-content\/uploads\/2024\/01\/Anke-Herbert-2-e1706728155657.jpg\" class=\"attachment-full size-full wp-image-358\" alt=\"\" \/><\/div>\n\t\t<\/a>\n\t\t\t\t<div class=\"elementor-post__text\">\n\t\t\t\t<h4 class=\"elementor-post__title\">\n\t\t\t<a href=\"https:\/\/dieweissenwp.ecommun.de\/?p=313\" >\n\t\t\t\tChefredakteurin der Rheinpfalz verl\u00e4sst Neustadt\u00a0&#8211; ein paar kritische Worte zum Abschied\t\t\t<\/a>\n\t\t<\/h4>\n\t\t\t\t<div class=\"elementor-post__meta-data\">\n\t\t\t\t\t<span class=\"elementor-post-date\">\n\t\t\t31.01.2024\t\t<\/span>\n\t\t\t\t<\/div>\n\t\t\n\t\t<a class=\"elementor-post__read-more\" href=\"https:\/\/dieweissenwp.ecommun.de\/?p=313\" aria-label=\"Read more about Chefredakteurin der Rheinpfalz verl\u00e4sst Neustadt\u00a0&#8211; ein paar kritische Worte zum Abschied\" tabindex=\"-1\" >\n\t\t\tWeiterlesen \u00bb\t\t<\/a>\n\n\t\t\t\t<\/div>\n\t\t\t\t<\/article>\n\t\t\t\t<article class=\"elementor-post elementor-grid-item post-298 post type-post status-publish format-standard has-post-thumbnail hentry category-medien\">\n\t\t\t\t<a class=\"elementor-post__thumbnail__link\" href=\"https:\/\/dieweissenwp.ecommun.de\/?p=298\" tabindex=\"-1\" >\n\t\t\t<div class=\"elementor-post__thumbnail\"><img loading=\"lazy\" decoding=\"async\" width=\"2480\" height=\"2480\" src=\"https:\/\/dieweissenwp.ecommun.de\/wp-content\/uploads\/2023\/10\/Gunnar-Kaiser-Nachruf.jpg\" class=\"attachment-full size-full wp-image-305\" alt=\"\" srcset=\"https:\/\/dieweissenwp.ecommun.de\/wp-content\/uploads\/2023\/10\/Gunnar-Kaiser-Nachruf.jpg 2480w, https:\/\/dieweissenwp.ecommun.de\/wp-content\/uploads\/2023\/10\/Gunnar-Kaiser-Nachruf-300x300.jpg 300w, https:\/\/dieweissenwp.ecommun.de\/wp-content\/uploads\/2023\/10\/Gunnar-Kaiser-Nachruf-1024x1024.jpg 1024w, https:\/\/dieweissenwp.ecommun.de\/wp-content\/uploads\/2023\/10\/Gunnar-Kaiser-Nachruf-150x150.jpg 150w, https:\/\/dieweissenwp.ecommun.de\/wp-content\/uploads\/2023\/10\/Gunnar-Kaiser-Nachruf-768x768.jpg 768w, https:\/\/dieweissenwp.ecommun.de\/wp-content\/uploads\/2023\/10\/Gunnar-Kaiser-Nachruf-1536x1536.jpg 1536w, https:\/\/dieweissenwp.ecommun.de\/wp-content\/uploads\/2023\/10\/Gunnar-Kaiser-Nachruf-2048x2048.jpg 2048w\" sizes=\"(max-width: 2480px) 100vw, 2480px\" \/><\/div>\n\t\t<\/a>\n\t\t\t\t<div class=\"elementor-post__text\">\n\t\t\t\t<h4 class=\"elementor-post__title\">\n\t\t\t<a href=\"https:\/\/dieweissenwp.ecommun.de\/?p=298\" >\n\t\t\t\tEiner der ganz Gro\u00dfen ist von uns gegangen\t\t\t<\/a>\n\t\t<\/h4>\n\t\t\t\t<div class=\"elementor-post__meta-data\">\n\t\t\t\t\t<span class=\"elementor-post-date\">\n\t\t\t25.10.2023\t\t<\/span>\n\t\t\t\t<\/div>\n\t\t\n\t\t<a class=\"elementor-post__read-more\" href=\"https:\/\/dieweissenwp.ecommun.de\/?p=298\" aria-label=\"Read more about Einer der ganz Gro\u00dfen ist von uns gegangen\" tabindex=\"-1\" >\n\t\t\tWeiterlesen \u00bb\t\t<\/a>\n\n\t\t\t\t<\/div>\n\t\t\t\t<\/article>\n\t\t\t\t<article class=\"elementor-post elementor-grid-item post-215 post type-post status-publish format-standard hentry category-medien\">\n\t\t\t\t<div class=\"elementor-post__text\">\n\t\t\t\t<h4 class=\"elementor-post__title\">\n\t\t\t<a href=\"https:\/\/dieweissenwp.ecommun.de\/?p=215\" >\n\t\t\t\tHambacher Fest 2023 &#8211; Das Erbe des Hambacher Schlosses geh\u00f6rt&#8230; dem deutschen Volk!\t\t\t<\/a>\n\t\t<\/h4>\n\t\t\t\t<div class=\"elementor-post__meta-data\">\n\t\t\t\t\t<span class=\"elementor-post-date\">\n\t\t\t28.06.2023\t\t<\/span>\n\t\t\t\t<\/div>\n\t\t\n\t\t<a class=\"elementor-post__read-more\" href=\"https:\/\/dieweissenwp.ecommun.de\/?p=215\" aria-label=\"Read more about Hambacher Fest 2023 &#8211; Das Erbe des Hambacher Schlosses geh\u00f6rt&#8230; dem deutschen Volk!\" tabindex=\"-1\" >\n\t\t\tWeiterlesen \u00bb\t\t<\/a>\n\n\t\t\t\t<\/div>\n\t\t\t\t<\/article>\n\t\t\t\t<article class=\"elementor-post elementor-grid-item post-157 post type-post status-publish format-standard hentry category-medien\">\n\t\t\t\t<div class=\"elementor-post__text\">\n\t\t\t\t<h4 class=\"elementor-post__title\">\n\t\t\t<a href=\"https:\/\/dieweissenwp.ecommun.de\/?p=157\" >\n\t\t\t\tBezahlte ANTIFA? Was sagt die Gr\u00fcne Partei dazu? Dr. Wolfgang Kochanek am 20.05.2023 in Stuttgart.\t\t\t<\/a>\n\t\t<\/h4>\n\t\t\t\t<div class=\"elementor-post__meta-data\">\n\t\t\t\t\t<span class=\"elementor-post-date\">\n\t\t\t12.06.2023\t\t<\/span>\n\t\t\t\t<\/div>\n\t\t\n\t\t<a class=\"elementor-post__read-more\" href=\"https:\/\/dieweissenwp.ecommun.de\/?p=157\" aria-label=\"Read more about Bezahlte ANTIFA? Was sagt die Gr\u00fcne Partei dazu? Dr. Wolfgang Kochanek am 20.05.2023 in Stuttgart.\" tabindex=\"-1\" >\n\t\t\tWeiterlesen \u00bb\t\t<\/a>\n\n\t\t\t\t<\/div>\n\t\t\t\t<\/article>\n\t\t\t\t<article class=\"elementor-post elementor-grid-item post-155 post type-post status-publish format-standard hentry category-medien\">\n\t\t\t\t<div class=\"elementor-post__text\">\n\t\t\t\t<h4 class=\"elementor-post__title\">\n\t\t\t<a href=\"https:\/\/dieweissenwp.ecommun.de\/?p=155\" >\n\t\t\t\tAuch 2023 findet das Hambacher Fest statt &#8211; FairTalk mit Dr. Wolfgang Kochanek\t\t\t<\/a>\n\t\t<\/h4>\n\t\t\t\t<div class=\"elementor-post__meta-data\">\n\t\t\t\t\t<span class=\"elementor-post-date\">\n\t\t\t12.06.2023\t\t<\/span>\n\t\t\t\t<\/div>\n\t\t\n\t\t<a class=\"elementor-post__read-more\" href=\"https:\/\/dieweissenwp.ecommun.de\/?p=155\" aria-label=\"Read more about Auch 2023 findet das Hambacher Fest statt &#8211; FairTalk mit Dr. Wolfgang Kochanek\" tabindex=\"-1\" >\n\t\t\tWeiterlesen \u00bb\t\t<\/a>\n\n\t\t\t\t<\/div>\n\t\t\t\t<\/article>\n\t\t\t\t<\/div>\n\t\t\n\t\t\t\t<div class=\"e-load-more-anchor\" data-page=\"1\" data-max-page=\"2\" data-next-page=\"https:\/\/dieweissenwp.ecommun.de\/index.php?rest_route=%2Fwp%2Fv2%2Fpages%2F2&#038;paged=2\"><\/div>\n\t\t\t\t<nav class=\"elementor-pagination\" aria-label=\"Paginierung\">\n\t\t\t<span aria-current=\"page\" class=\"page-numbers current\"><span class=\"elementor-screen-only\">Seite<\/span>1<\/span>\n<a class=\"page-numbers\" href=\"https:\/\/dieweissenwp.ecommun.de\/index.php\/?paged=2\"><span class=\"elementor-screen-only\">Seite<\/span>2<\/a>\t\t<\/nav>\n\t\t\t\t<\/div>\n\t\t\t\t<\/div>\n\t\t\t\t\t<\/div>\n\t\t<\/div>\n\t\t\t\t\t<\/div>\n\t\t<\/section>\n\t\t\t\t<\/div>\n\t\t","protected":false},"excerpt":{"rendered":"<p>DU BIST UNZUFRIEDEN MIT DERSITUATION IN DIESEM LAND UNDM\u00d6CHTEST ETWAS \u00c4NDERN? DU BIST UNTERNEHMER UNDM\u00d6CHTEST DICH MIT ANDERENUNTERNEHMERN VERNETZEN? NEWS<\/p>\n","protected":false},"author":1,"featured_media":0,"parent":0,"menu_order":0,"comment_status":"closed","ping_status":"open","template":"","meta":{"footnotes":""},"class_list":["post-2","page","type-page","status-publish","hentry"],"_links":{"self":[{"href":"https:\/\/dieweissenwp.ecommun.de\/index.php?rest_route=\/wp\/v2\/pages\/2"}],"collection":[{"href":"https:\/\/dieweissenwp.ecommun.de\/index.php?rest_route=\/wp\/v2\/pages"}],"about":[{"href":"https:\/\/dieweissenwp.ecommun.de\/index.php?rest_route=\/wp\/v2\/types\/page"}],"author":[{"embeddable":true,"href":"https:\/\/dieweissenwp.ecommun.de\/index.php?rest_route=\/wp\/v2\/users\/1"}],"replies":[{"embeddable":true,"href":"https:\/\/dieweissenwp.ecommun.de\/index.php?rest_route=%2Fwp%2Fv2%2Fcomments&post=2"}],"version-history":[{"count":108,"href":"https:\/\/dieweissenwp.ecommun.de\/index.php?rest_route=\/wp\/v2\/pages\/2\/revisions"}],"predecessor-version":[{"id":428,"href":"https:\/\/dieweissenwp.ecommun.de\/index.php?rest_route=\/wp\/v2\/pages\/2\/revisions\/428"}],"wp:attachment":[{"href":"https:\/\/dieweissenwp.ecommun.de\/index.php?rest_route=%2Fwp%2Fv2%2Fmedia&parent=2"}],"curies":[{"name":"wp","href":"https:\/\/api.w.org\/{rel}","templated":true}]}}